{"id":6,"date":"2021-02-15T20:46:27","date_gmt":"2021-02-15T20:46:27","guid":{"rendered":"http:\/\/www.goodrefference.com\/?page_id=6"},"modified":"2023-06-15T19:36:28","modified_gmt":"2023-06-15T19:36:28","slug":"acerca-de","status":"publish","type":"page","link":"https:\/\/www.goodrefference.com\/index.php\/acerca-de\/","title":{"rendered":"Biografia"},"content":{"rendered":"\t\t<div data-elementor-type=\"wp-page\" data-elementor-id=\"6\" class=\"elementor elementor-6\">\n\t\t\t\t\t\t\t\t\t<section class=\"elementor-section elementor-top-section elementor-element elementor-element-ad22974 elementor-section-boxed elementor-section-height-default elementor-section-height-default\" data-id=\"ad22974\" data-element_type=\"section\">\n\t\t\t\t\t\t<div class=\"elementor-container elementor-column-gap-default\">\n\t\t\t\t\t<div class=\"elementor-column elementor-col-100 elementor-top-column elementor-element elementor-element-63f35413\" data-id=\"63f35413\" data-element_type=\"column\">\n\t\t\t<div class=\"elementor-widget-wrap elementor-element-populated\">\n\t\t\t\t\t\t\t\t<div class=\"elementor-element elementor-element-3317f544 elementor-widget elementor-widget-text-editor\" data-id=\"3317f544\" data-element_type=\"widget\" data-widget_type=\"text-editor.default\">\n\t\t\t\t<div class=\"elementor-widget-container\">\n\t\t\t<style>\/*! elementor - v3.16.0 - 20-09-2023 *\/\n.elementor-widget-text-editor.elementor-drop-cap-view-stacked .elementor-drop-cap{background-color:#69727d;color:#fff}.elementor-widget-text-editor.elementor-drop-cap-view-framed .elementor-drop-cap{color:#69727d;border:3px solid;background-color:transparent}.elementor-widget-text-editor:not(.elementor-drop-cap-view-default) .elementor-drop-cap{margin-top:8px}.elementor-widget-text-editor:not(.elementor-drop-cap-view-default) .elementor-drop-cap-letter{width:1em;height:1em}.elementor-widget-text-editor .elementor-drop-cap{float:left;text-align:center;line-height:1;font-size:50px}.elementor-widget-text-editor .elementor-drop-cap-letter{display:inline-block}<\/style>\t\t\t\t<!-- wp:paragraph -->\n<p>Somos una banda guatemalteca de Punk rock formada en el a\u00f1o 2008. A la fecha hemos formado una familia apasionada en llevar el evangelio a trav\u00e9s de nuestra m\u00fasica, amistad y ayuda social.<\/p>\n<!-- \/wp:paragraph -->\n\n<!-- wp:paragraph -->\n<p>Good Refference est\u00e1 formada por: Whito, Mario, Marex y Miguel. Juntos hemos lanzado 2 \u00e1lbumes de estudio. De regreso a casa (2015) y nuestro m\u00e1s reciente material: Entre Escombros (2020). En el cual se incluyen colaboraciones con: Sullivan, Fila 9 y Celeste Nova.&nbsp; Hemos lanzado sencillos como: Tempestad (2019) en la cual se hizo una colaboraci\u00f3n con Sentencia Previa.<\/p>\n<!-- \/wp:paragraph -->\n\n<!-- wp:paragraph -->\n<p>Juntos hemos realizado giras por Guatemala, El Salvador y M\u00e9xico. Hemos sido nominados a Premios Estela (Guatemala) como mejor banda rock, Premios Monster (M\u00e9xico) como mejor banda alternativa y actualmente somos miembros de la Academia Latin Grammy.<\/p>\n<!-- \/wp:paragraph -->\t\t\t\t\t\t<\/div>\n\t\t\t\t<\/div>\n\t\t\t\t\t<\/div>\n\t\t<\/div>\n\t\t\t\t\t\t\t<\/div>\n\t\t<\/section>\n\t\t\t\t<section class=\"elementor-section elementor-top-section elementor-element elementor-element-e4fd663 elementor-section-boxed elementor-section-height-default elementor-section-height-default\" data-id=\"e4fd663\" data-element_type=\"section\">\n\t\t\t\t\t\t<div class=\"elementor-container elementor-column-gap-default\">\n\t\t\t\t\t<div class=\"elementor-column elementor-col-50 elementor-top-column elementor-element elementor-element-865f558\" data-id=\"865f558\" data-element_type=\"column\">\n\t\t\t<div class=\"elementor-widget-wrap elementor-element-populated\">\n\t\t\t\t\t\t\t\t<div class=\"elementor-element elementor-element-0b9f091 elementor-widget elementor-widget-image\" data-id=\"0b9f091\" data-element_type=\"widget\" data-widget_type=\"image.default\">\n\t\t\t\t<div class=\"elementor-widget-container\">\n\t\t\t<style>\/*! elementor - v3.16.0 - 20-09-2023 *\/\n.elementor-widget-image{text-align:center}.elementor-widget-image a{display:inline-block}.elementor-widget-image a img[src$=\".svg\"]{width:48px}.elementor-widget-image img{vertical-align:middle;display:inline-block}<\/style>\t\t\t\t\t\t\t\t\t\t\t\t<img loading=\"lazy\" decoding=\"async\" width=\"683\" height=\"1024\" src=\"https:\/\/www.goodrefference.com\/wp-content\/uploads\/2023\/06\/DSC09904-683x1024.jpg\" class=\"attachment-large size-large wp-image-510\" alt=\"\" srcset=\"https:\/\/www.goodrefference.com\/wp-content\/uploads\/2023\/06\/DSC09904-683x1024.jpg 683w, https:\/\/www.goodrefference.com\/wp-content\/uploads\/2023\/06\/DSC09904-200x300.jpg 200w, https:\/\/www.goodrefference.com\/wp-content\/uploads\/2023\/06\/DSC09904-768x1152.jpg 768w, https:\/\/www.goodrefference.com\/wp-content\/uploads\/2023\/06\/DSC09904-1024x1536.jpg 1024w, https:\/\/www.goodrefference.com\/wp-content\/uploads\/2023\/06\/DSC09904-1365x2048.jpg 1365w, https:\/\/www.goodrefference.com\/wp-content\/uploads\/2023\/06\/DSC09904-1200x1800.jpg 1200w, https:\/\/www.goodrefference.com\/wp-content\/uploads\/2023\/06\/DSC09904-scaled.jpg 1707w\" sizes=\"auto, (max-width: 683px) 85vw, 683px\" \/>\t\t\t\t\t\t\t\t\t\t\t\t\t\t\t<\/div>\n\t\t\t\t<\/div>\n\t\t\t\t<div class=\"elementor-element elementor-element-84fb12c elementor-widget elementor-widget-text-editor\" data-id=\"84fb12c\" data-element_type=\"widget\" data-widget_type=\"text-editor.default\">\n\t\t\t\t<div class=\"elementor-widget-container\">\n\t\t\t\t\t\t\t<p><b>Victor Say \u00abWHITO\u00bb, Voz principal, Guitarra 2<\/b><\/p>\t\t\t\t\t\t<\/div>\n\t\t\t\t<\/div>\n\t\t\t\t\t<\/div>\n\t\t<\/div>\n\t\t\t\t<div class=\"elementor-column elementor-col-50 elementor-top-column elementor-element elementor-element-8ac9467\" data-id=\"8ac9467\" data-element_type=\"column\">\n\t\t\t<div class=\"elementor-widget-wrap elementor-element-populated\">\n\t\t\t\t\t\t\t\t<div class=\"elementor-element elementor-element-3dfb27c elementor-widget elementor-widget-image\" data-id=\"3dfb27c\" data-element_type=\"widget\" data-widget_type=\"image.default\">\n\t\t\t\t<div class=\"elementor-widget-container\">\n\t\t\t\t\t\t\t\t\t\t\t\t\t\t\t<img loading=\"lazy\" decoding=\"async\" width=\"683\" height=\"1024\" src=\"https:\/\/www.goodrefference.com\/wp-content\/uploads\/2023\/06\/DSC09977-683x1024.jpg\" class=\"attachment-large size-large wp-image-511\" alt=\"\" srcset=\"https:\/\/www.goodrefference.com\/wp-content\/uploads\/2023\/06\/DSC09977-683x1024.jpg 683w, https:\/\/www.goodrefference.com\/wp-content\/uploads\/2023\/06\/DSC09977-200x300.jpg 200w, https:\/\/www.goodrefference.com\/wp-content\/uploads\/2023\/06\/DSC09977-768x1152.jpg 768w, https:\/\/www.goodrefference.com\/wp-content\/uploads\/2023\/06\/DSC09977-1024x1536.jpg 1024w, https:\/\/www.goodrefference.com\/wp-content\/uploads\/2023\/06\/DSC09977-1365x2048.jpg 1365w, https:\/\/www.goodrefference.com\/wp-content\/uploads\/2023\/06\/DSC09977-1200x1800.jpg 1200w, https:\/\/www.goodrefference.com\/wp-content\/uploads\/2023\/06\/DSC09977-scaled.jpg 1707w\" sizes=\"auto, (max-width: 683px) 85vw, 683px\" \/>\t\t\t\t\t\t\t\t\t\t\t\t\t\t\t<\/div>\n\t\t\t\t<\/div>\n\t\t\t\t<div class=\"elementor-element elementor-element-8aa93f6 elementor-widget elementor-widget-text-editor\" data-id=\"8aa93f6\" data-element_type=\"widget\" data-widget_type=\"text-editor.default\">\n\t\t\t\t<div class=\"elementor-widget-container\">\n\t\t\t\t\t\t\t<p><b>Mario Say, Bateria<br><\/b><\/p>\t\t\t\t\t\t<\/div>\n\t\t\t\t<\/div>\n\t\t\t\t\t<\/div>\n\t\t<\/div>\n\t\t\t\t\t\t\t<\/div>\n\t\t<\/section>\n\t\t\t\t<section class=\"elementor-section elementor-top-section elementor-element elementor-element-09744ba elementor-section-boxed elementor-section-height-default elementor-section-height-default\" data-id=\"09744ba\" data-element_type=\"section\">\n\t\t\t\t\t\t<div class=\"elementor-container elementor-column-gap-default\">\n\t\t\t\t\t<div class=\"elementor-column elementor-col-50 elementor-top-column elementor-element elementor-element-257b8b1\" data-id=\"257b8b1\" data-element_type=\"column\">\n\t\t\t<div class=\"elementor-widget-wrap elementor-element-populated\">\n\t\t\t\t\t\t\t\t<div class=\"elementor-element elementor-element-eb219d9 elementor-widget elementor-widget-image\" data-id=\"eb219d9\" data-element_type=\"widget\" data-widget_type=\"image.default\">\n\t\t\t\t<div class=\"elementor-widget-container\">\n\t\t\t\t\t\t\t\t\t\t\t\t\t\t\t<img loading=\"lazy\" decoding=\"async\" width=\"683\" height=\"1024\" src=\"https:\/\/www.goodrefference.com\/wp-content\/uploads\/2023\/06\/DSC09890-683x1024.jpg\" class=\"attachment-large size-large wp-image-512\" alt=\"\" srcset=\"https:\/\/www.goodrefference.com\/wp-content\/uploads\/2023\/06\/DSC09890-683x1024.jpg 683w, https:\/\/www.goodrefference.com\/wp-content\/uploads\/2023\/06\/DSC09890-200x300.jpg 200w, https:\/\/www.goodrefference.com\/wp-content\/uploads\/2023\/06\/DSC09890-768x1152.jpg 768w, https:\/\/www.goodrefference.com\/wp-content\/uploads\/2023\/06\/DSC09890-1024x1536.jpg 1024w, https:\/\/www.goodrefference.com\/wp-content\/uploads\/2023\/06\/DSC09890-1365x2048.jpg 1365w, https:\/\/www.goodrefference.com\/wp-content\/uploads\/2023\/06\/DSC09890-1200x1800.jpg 1200w, https:\/\/www.goodrefference.com\/wp-content\/uploads\/2023\/06\/DSC09890-scaled.jpg 1707w\" sizes=\"auto, (max-width: 683px) 85vw, 683px\" \/>\t\t\t\t\t\t\t\t\t\t\t\t\t\t\t<\/div>\n\t\t\t\t<\/div>\n\t\t\t\t<div class=\"elementor-element elementor-element-3b97e86 elementor-widget elementor-widget-text-editor\" data-id=\"3b97e86\" data-element_type=\"widget\" data-widget_type=\"text-editor.default\">\n\t\t\t\t<div class=\"elementor-widget-container\">\n\t\t\t\t\t\t\t<p><b>Miguel V\u00e9liz \u00abMIKE\u00bb, Coros, Guitarra Principal<br><\/b><\/p>\t\t\t\t\t\t<\/div>\n\t\t\t\t<\/div>\n\t\t\t\t\t<\/div>\n\t\t<\/div>\n\t\t\t\t<div class=\"elementor-column elementor-col-50 elementor-top-column elementor-element elementor-element-025870f\" data-id=\"025870f\" data-element_type=\"column\">\n\t\t\t<div class=\"elementor-widget-wrap elementor-element-populated\">\n\t\t\t\t\t\t\t\t<div class=\"elementor-element elementor-element-807a3e5 elementor-widget elementor-widget-image\" data-id=\"807a3e5\" data-element_type=\"widget\" data-widget_type=\"image.default\">\n\t\t\t\t<div class=\"elementor-widget-container\">\n\t\t\t\t\t\t\t\t\t\t\t\t\t\t\t<img loading=\"lazy\" decoding=\"async\" width=\"683\" height=\"1024\" src=\"https:\/\/www.goodrefference.com\/wp-content\/uploads\/2023\/06\/DSC09922-683x1024.jpg\" class=\"attachment-large size-large wp-image-514\" alt=\"\" srcset=\"https:\/\/www.goodrefference.com\/wp-content\/uploads\/2023\/06\/DSC09922-683x1024.jpg 683w, https:\/\/www.goodrefference.com\/wp-content\/uploads\/2023\/06\/DSC09922-200x300.jpg 200w, https:\/\/www.goodrefference.com\/wp-content\/uploads\/2023\/06\/DSC09922-768x1152.jpg 768w, https:\/\/www.goodrefference.com\/wp-content\/uploads\/2023\/06\/DSC09922-1024x1536.jpg 1024w, https:\/\/www.goodrefference.com\/wp-content\/uploads\/2023\/06\/DSC09922-1365x2048.jpg 1365w, https:\/\/www.goodrefference.com\/wp-content\/uploads\/2023\/06\/DSC09922-1200x1800.jpg 1200w, https:\/\/www.goodrefference.com\/wp-content\/uploads\/2023\/06\/DSC09922-scaled.jpg 1707w\" sizes=\"auto, (max-width: 683px) 85vw, 683px\" \/>\t\t\t\t\t\t\t\t\t\t\t\t\t\t\t<\/div>\n\t\t\t\t<\/div>\n\t\t\t\t<div class=\"elementor-element elementor-element-cb81544 elementor-widget elementor-widget-text-editor\" data-id=\"cb81544\" data-element_type=\"widget\" data-widget_type=\"text-editor.default\">\n\t\t\t\t<div class=\"elementor-widget-container\">\n\t\t\t\t\t\t\t<p><b>Mario de Le\u00f3n \u00abMAREX\u00bb, Coros, Bajo<br><\/b><\/p>\t\t\t\t\t\t<\/div>\n\t\t\t\t<\/div>\n\t\t\t\t\t<\/div>\n\t\t<\/div>\n\t\t\t\t\t\t\t<\/div>\n\t\t<\/section>\n\t\t\t\t<section class=\"elementor-section elementor-top-section elementor-element elementor-element-8829a12 elementor-section-boxed elementor-section-height-default elementor-section-height-default\" data-id=\"8829a12\" data-element_type=\"section\">\n\t\t\t\t\t\t<div class=\"elementor-container elementor-column-gap-default\">\n\t\t\t\t\t<div class=\"elementor-column elementor-col-100 elementor-top-column elementor-element elementor-element-5bdbb1d\" data-id=\"5bdbb1d\" data-element_type=\"column\">\n\t\t\t<div class=\"elementor-widget-wrap elementor-element-populated\">\n\t\t\t\t\t\t\t\t<div class=\"elementor-element elementor-element-f41a606 elementor-widget elementor-widget-image\" data-id=\"f41a606\" data-element_type=\"widget\" data-widget_type=\"image.default\">\n\t\t\t\t<div class=\"elementor-widget-container\">\n\t\t\t\t\t\t\t\t\t\t\t\t\t\t\t<img loading=\"lazy\" decoding=\"async\" width=\"840\" height=\"630\" src=\"https:\/\/www.goodrefference.com\/wp-content\/uploads\/2023\/06\/293322331_4865650463546541_2134454028677485488_n-1024x768.jpg\" class=\"attachment-large size-large wp-image-518\" alt=\"\" srcset=\"https:\/\/www.goodrefference.com\/wp-content\/uploads\/2023\/06\/293322331_4865650463546541_2134454028677485488_n-1024x768.jpg 1024w, https:\/\/www.goodrefference.com\/wp-content\/uploads\/2023\/06\/293322331_4865650463546541_2134454028677485488_n-300x225.jpg 300w, https:\/\/www.goodrefference.com\/wp-content\/uploads\/2023\/06\/293322331_4865650463546541_2134454028677485488_n-768x576.jpg 768w, https:\/\/www.goodrefference.com\/wp-content\/uploads\/2023\/06\/293322331_4865650463546541_2134454028677485488_n-1200x900.jpg 1200w, https:\/\/www.goodrefference.com\/wp-content\/uploads\/2023\/06\/293322331_4865650463546541_2134454028677485488_n.jpg 1440w\" sizes=\"auto, (max-width: 709px) 85vw, (max-width: 909px) 67vw, (max-width: 1362px) 62vw, 840px\" \/>\t\t\t\t\t\t\t\t\t\t\t\t\t\t\t<\/div>\n\t\t\t\t<\/div>\n\t\t\t\t\t<\/div>\n\t\t<\/div>\n\t\t\t\t\t\t\t<\/div>\n\t\t<\/section>\n\t\t\t\t\t\t\t<\/div>\n\t\t","protected":false},"excerpt":{"rendered":"<p>Somos una banda guatemalteca de Punk rock formada en el a\u00f1o 2008. A la fecha hemos formado una familia apasionada en llevar el evangelio a trav\u00e9s de nuestra m\u00fasica, amistad y ayuda social. Good Refference est\u00e1 formada por: Whito, Mario, Marex y Miguel. Juntos hemos lanzado 2 \u00e1lbumes de estudio. De regreso a casa (2015) &hellip; <a href=\"https:\/\/www.goodrefference.com\/index.php\/acerca-de\/\" class=\"more-link\">Continue reading<span class=\"screen-reader-text\"> \u00abBiografia\u00bb<\/span><\/a><\/p>\n","protected":false},"author":1,"featured_media":68,"parent":0,"menu_order":0,"comment_status":"closed","ping_status":"closed","template":"","meta":{"footnotes":""},"class_list":["post-6","page","type-page","status-publish","has-post-thumbnail","hentry"],"_links":{"self":[{"href":"https:\/\/www.goodrefference.com\/index.php\/wp-json\/wp\/v2\/pages\/6","targetHints":{"allow":["GET"]}}],"collection":[{"href":"https:\/\/www.goodrefference.com\/index.php\/wp-json\/wp\/v2\/pages"}],"about":[{"href":"https:\/\/www.goodrefference.com\/index.php\/wp-json\/wp\/v2\/types\/page"}],"author":[{"embeddable":true,"href":"https:\/\/www.goodrefference.com\/index.php\/wp-json\/wp\/v2\/users\/1"}],"replies":[{"embeddable":true,"href":"https:\/\/www.goodrefference.com\/index.php\/wp-json\/wp\/v2\/comments?post=6"}],"version-history":[{"count":9,"href":"https:\/\/www.goodrefference.com\/index.php\/wp-json\/wp\/v2\/pages\/6\/revisions"}],"predecessor-version":[{"id":521,"href":"https:\/\/www.goodrefference.com\/index.php\/wp-json\/wp\/v2\/pages\/6\/revisions\/521"}],"wp:featuredmedia":[{"embeddable":true,"href":"https:\/\/www.goodrefference.com\/index.php\/wp-json\/wp\/v2\/media\/68"}],"wp:attachment":[{"href":"https:\/\/www.goodrefference.com\/index.php\/wp-json\/wp\/v2\/media?parent=6"}],"curies":[{"name":"wp","href":"https:\/\/api.w.org\/{rel}","templated":true}]}}